{"id":749,"date":"2023-04-14T19:30:15","date_gmt":"2023-04-14T17:30:15","guid":{"rendered":"https:\/\/svw-tennis.lima-city.de\/?page_id=749"},"modified":"2023-05-25T15:49:32","modified_gmt":"2023-05-25T13:49:32","slug":"startseite","status":"publish","type":"page","link":"https:\/\/svw-tennis.lima-city.de\/","title":{"rendered":"Willkommen bei der Tennissparte des SV Weetzen"},"content":{"rendered":"\n<p>Informationen \u00fcber die Sparte findest du <a href=\"https:\/\/svw-tennis.lima-city.de\/index.php\/sparteninformation\/\">hier<\/a>.<\/p>\n\n\n\n<h2 class=\"wp-block-heading\">Aktuelle Termine<\/h2>\n\n\n<div class=\"qem \"><div class=\"qem-icon\"><div class=\"qem-calendar-small\" style=\"margin:0 7px 7px 0;\"><span class=\"day\" >29<\/span><span class=\"nonday\" ><span class=\"month\"><em>Mai<\/em><\/span><span class=\"year\">2026<\/span><\/span><\/div><\/div><div class=\"qem-small\"><h2 class=\"qem_title\"><a href=\"https:\/\/svw-tennis.lima-city.de\/index.php\/event\/openfriday-am-letzten-freitag-im-monat-mai-faellt-aus\/\">OpenFriday am letzten Freitag im Monat Mai -- f\u00e4llt aus!!!<\/a><\/h2><p class=\"desc\" style=\"font-size: 80%; \" >Open Friday im Monat Mai -- f\u00e4llt aus!!!<\/p><p class=\"readmore\"><a href=\"https:\/\/svw-tennis.lima-city.de\/index.php\/event\/openfriday-am-letzten-freitag-im-monat-mai-faellt-aus\/\">weitere Informationen...<\/a><\/p><div style=\"clear:both\"><\/div><\/div><\/div>\r\n<div class=\"qem \"><div class=\"qem-icon\"><div class=\"qem-calendar-small\" style=\"margin:0 7px 7px 0;\"><span class=\"day\" >16<\/span><span class=\"nonday\" ><span class=\"month\"><em>Mai<\/em><\/span><span class=\"year\">2026<\/span><\/span><\/div><\/div><div class=\"qem-small\"><h2 class=\"qem_title\"><a href=\"https:\/\/svw-tennis.lima-city.de\/index.php\/event\/2-arbeitseinsatz-2026\/\">2. Arbeitseinsatz 2026<\/a><\/h2><p class=\"start\" style=\"font-weight: bold; color: #343838; font-size: 100%; \" >um 10:30 Uhr bis ca. 13:30 Uhr<\/p><p class=\"readmore\"><a href=\"https:\/\/svw-tennis.lima-city.de\/index.php\/event\/2-arbeitseinsatz-2026\/\">weitere Informationen...<\/a><\/p><div style=\"clear:both\"><\/div><\/div><\/div>\r\n<div class=\"qem \"><div class=\"qem-icon\"><div class=\"qem-calendar-small\" style=\"margin:0 7px 7px 0;\"><span class=\"day\" >24<\/span><span class=\"nonday\" ><span class=\"month\"><em>Apr.<\/em><\/span><span class=\"year\">2026<\/span><\/span><\/div><\/div><div class=\"qem-small\"><h2 class=\"qem_title\"><a href=\"https:\/\/svw-tennis.lima-city.de\/index.php\/event\/openfriday-am-letzten-freitag-im-monat-april-2\/\">OpenFriday am letzten Freitag im Monat April<\/a><\/h2><p class=\"desc\" style=\"font-size: 80%; \" >Open Friday im Monat April<\/p><p class=\"start\" style=\"font-weight: bold; color: #343838; font-size: 100%; \" >um 16:30 Uhr bis 19:00 Uhr<\/p><p class=\"readmore\"><a href=\"https:\/\/svw-tennis.lima-city.de\/index.php\/event\/openfriday-am-letzten-freitag-im-monat-april-2\/\">weitere Informationen...<\/a><\/p><div style=\"clear:both\"><\/div><\/div><\/div>\r\n\n\n\n\n<h2 class=\"wp-block-heading\">Letzte Blogeintr\u00e4ge<\/h2>\n\n\n<ul class=\"wp-block-latest-posts__list has-dates wp-block-latest-posts\"><li><a class=\"wp-block-latest-posts__post-title\" href=\"https:\/\/svw-tennis.lima-city.de\/index.php\/2025\/05\/26\/tennissparte-beim-sv-weetzen-sommerfest\/\">Tennissparte beim SV Weetzen Sommerfest<\/a><time datetime=\"2025-05-26T18:55:54+02:00\" class=\"wp-block-latest-posts__post-date\">26. Mai 2025<\/time><div class=\"wp-block-latest-posts__post-excerpt\">Auf dem Sportplatz des SV Weetzen fand am vergangenen Samstag im Rahmen der letzten Herren-Fu\u00dfballspiele der Saison ein Sportfest statt, bei dem sich auch die Tennissparte pr\u00e4sentieren konnte.Vor allem die Kinder waren begeistert dabei, \u00dcbungseinheiten &hellip; <a href=\"https:\/\/svw-tennis.lima-city.de\/index.php\/2025\/05\/26\/tennissparte-beim-sv-weetzen-sommerfest\/\" class=\"more-link\"><span class=\"screen-reader-text\">Tennissparte beim SV Weetzen Sommerfest<\/span> weiterlesen<\/a><\/div><\/li>\n<li><a class=\"wp-block-latest-posts__post-title\" href=\"https:\/\/svw-tennis.lima-city.de\/index.php\/2025\/05\/01\/toller-auftakt-fuer-2025-mit-openfriday\/\">Toller Auftakt f\u00fcr 2025 mit &#8222;OpenFriday&#8220;<\/a><time datetime=\"2025-05-01T09:44:05+02:00\" class=\"wp-block-latest-posts__post-date\">1. Mai 2025<\/time><div class=\"wp-block-latest-posts__post-excerpt\">Die Vorarbeiten und die Tennis-Saison in Weetzen konnten 2025 wetterbedingt bereits fr\u00fcher als \u00fcblich starten, so dass wir die Saisoner\u00f6ffnung gleich mit unserem OpenFriday am 25.04. verbinden konnten. Der OpenFriday findet immer jeweils am letzten &hellip; <a href=\"https:\/\/svw-tennis.lima-city.de\/index.php\/2025\/05\/01\/toller-auftakt-fuer-2025-mit-openfriday\/\" class=\"more-link\"><span class=\"screen-reader-text\">Toller Auftakt f\u00fcr 2025 mit &#8222;OpenFriday&#8220;<\/span> weiterlesen<\/a><\/div><\/li>\n<li><a class=\"wp-block-latest-posts__post-title\" href=\"https:\/\/svw-tennis.lima-city.de\/index.php\/2025\/04\/18\/freigabe-der-tennisplaetze-in-weetzen-und-openfriday-am-25-04-2025\/\">Freigabe der Tennispl\u00e4tze in Weetzen und OpenFriday am 25.04.2025<\/a><time datetime=\"2025-04-18T14:08:00+02:00\" class=\"wp-block-latest-posts__post-date\">18. April 2025<\/time><div class=\"wp-block-latest-posts__post-excerpt\">Das Fr\u00fchjahrswetter hatte es dieses Jahr gut mit uns gemeint. Alle Arbeiten sind abgeschlossen. Die drei Pl\u00e4tze sind f\u00fcr unsere Mitglieder zur Nutzung freigegeben. Am 25.04.2025 ab 16:30 Uhr werden wir unseren ersten &#8222;OpenFriday&#8220; im &hellip; <a href=\"https:\/\/svw-tennis.lima-city.de\/index.php\/2025\/04\/18\/freigabe-der-tennisplaetze-in-weetzen-und-openfriday-am-25-04-2025\/\" class=\"more-link\"><span class=\"screen-reader-text\">Freigabe der Tennispl\u00e4tze in Weetzen und OpenFriday am 25.04.2025<\/span> weiterlesen<\/a><\/div><\/li>\n<li><a class=\"wp-block-latest-posts__post-title\" href=\"https:\/\/svw-tennis.lima-city.de\/index.php\/2025\/04\/12\/tennisplaetze-sind-fast-fertig-saisoneroeffnung-in-weetzen-steht-kurz-bevor\/\">Tennispl\u00e4tze sind (fast) fertig, Saisoner\u00f6ffnung in Weetzen steht kurz bevor<\/a><time datetime=\"2025-04-12T12:01:39+02:00\" class=\"wp-block-latest-posts__post-date\">12. April 2025<\/time><div class=\"wp-block-latest-posts__post-excerpt\">Die Tennispl\u00e4tze in Weetzen sind mit einer neuen Ziegelmehlschicht versehen worden, werden jetzt noch gew\u00e4ssert und gewalzt.In der n\u00e4chsten Woche werden wir die Netze aufbauen und voraussichtlich zu Ostern den Spielbetrieb freigeben.<\/div><\/li>\n<li><a class=\"wp-block-latest-posts__post-title\" href=\"https:\/\/svw-tennis.lima-city.de\/index.php\/2025\/03\/12\/neue-saison-mit-ballmaschine\/\">Neue Saison mit Ballmaschine<\/a><time datetime=\"2025-03-12T18:24:23+01:00\" class=\"wp-block-latest-posts__post-date\">12. M\u00e4rz 2025<\/time><div class=\"wp-block-latest-posts__post-excerpt\">Die Tennissparte des SV Weetzen bereitet sich auf die kommende Saison vor. Neben den \u00fcblichen Arbeiten auf und neben den Pl\u00e4tzen, haben wir die Wintermonate genutzt um uns eine Ballmaschine auszusuchen und zu kaufen. Die &hellip; <a href=\"https:\/\/svw-tennis.lima-city.de\/index.php\/2025\/03\/12\/neue-saison-mit-ballmaschine\/\" class=\"more-link\"><span class=\"screen-reader-text\">Neue Saison mit Ballmaschine<\/span> weiterlesen<\/a><\/div><\/li>\n<\/ul>","protected":false},"excerpt":{"rendered":"<p>Informationen \u00fcber die Sparte findest du hier. Aktuelle Termine Letzte Blogeintr\u00e4ge<\/p>\n","protected":false},"author":1,"featured_media":0,"parent":0,"menu_order":1,"comment_status":"closed","ping_status":"closed","template":"","meta":{"footnotes":""},"class_list":["post-749","page","type-page","status-publish","hentry"],"_links":{"self":[{"href":"https:\/\/svw-tennis.lima-city.de\/index.php\/wp-json\/wp\/v2\/pages\/749","targetHints":{"allow":["GET"]}}],"collection":[{"href":"https:\/\/svw-tennis.lima-city.de\/index.php\/wp-json\/wp\/v2\/pages"}],"about":[{"href":"https:\/\/svw-tennis.lima-city.de\/index.php\/wp-json\/wp\/v2\/types\/page"}],"author":[{"embeddable":true,"href":"https:\/\/svw-tennis.lima-city.de\/index.php\/wp-json\/wp\/v2\/users\/1"}],"replies":[{"embeddable":true,"href":"https:\/\/svw-tennis.lima-city.de\/index.php\/wp-json\/wp\/v2\/comments?post=749"}],"version-history":[{"count":5,"href":"https:\/\/svw-tennis.lima-city.de\/index.php\/wp-json\/wp\/v2\/pages\/749\/revisions"}],"predecessor-version":[{"id":777,"href":"https:\/\/svw-tennis.lima-city.de\/index.php\/wp-json\/wp\/v2\/pages\/749\/revisions\/777"}],"wp:attachment":[{"href":"https:\/\/svw-tennis.lima-city.de\/index.php\/wp-json\/wp\/v2\/media?parent=749"}],"curies":[{"name":"wp","href":"https:\/\/api.w.org\/{rel}","templated":true}]}}