{"id":50,"date":"2019-03-02T13:57:28","date_gmt":"2019-03-02T12:57:28","guid":{"rendered":"https:\/\/svw001.4lima.de\/?page_id=50"},"modified":"2026-05-03T12:36:51","modified_gmt":"2026-05-03T10:36:51","slug":"sparteninformation","status":"publish","type":"page","link":"https:\/\/svw-tennis.lima-city.de\/index.php\/sparteninformation\/","title":{"rendered":"Sparteninformation"},"content":{"rendered":"\n<p>Tennis ist eine Sportart, die man altersunabh\u00e4ngig betreiben kann und die hervorragend auch f\u00fcr Paare und ganze Familien geeignet ist. <br>K\u00f6rper und Geist sind beim Spiel gefordert: Kondition, Konzentration, Ausdauer, Koordination, Teamplay, Fairness, Disziplin und Ehrgeiz sind gefragt. <br>Dazu gibt es viel Kontakt und Austausch mit Gleichgesinnten. <\/p>\n\n\n\n<p>Der SV Weetzen hat seit 1986 eine Tennissparte und verf\u00fcgt \u00fcber 3 Pl\u00e4tze (Ziegelmehl\/Sand), umgeben von B\u00e4umen, B\u00fcschen, Rasenfl\u00e4chen, Vogelgezwitscher.  Am hinteren Platz befindet sich eine kleine Trib\u00fcne.<br>Eine \u00fcberdachte Terrasse l\u00e4dt zum Ausruhen und Feiern ein.<\/p>\n\n\n\n<p>Hier findet ihr die <a href=\"https:\/\/svw-tennis.lima-city.de\/index.php\/spartentermine\/\">Termine<\/a>.<\/p>\n\n\n\n<p>Und hier findet  ihr eine kleine <a href=\"https:\/\/svw-tennis.lima-city.de\/index.php\/bildergalerie\/\" data-type=\"page\">Bildergalerie<\/a>.<\/p>\n\n\n\n<p><\/p>\n\n\n\n<h3 class=\"wp-block-heading\">Warum zu uns?<\/h3>\n\n\n\n<p>Einer der Vorteile, Tennis beim SV Weetzen zu spielen, ist, dass es fast immer einen freien Platz zur Nutzung gibt, ohne sich vorher lange anmelden zu m\u00fcssen! Zudem gibt es zwischen den Mitgliedern einen regen Austausch.<br>Auch wir haben zwar wieder verpflichtende Arbeitseins\u00e4tze, sehen das aber eher positiv, um gemeinsam aktiv zu sein und die Anlage in einem guten Zustand zu halten.<br>Man kann kostenlos und unverbindlich bei uns reinschnuppern und im Vergleich zu Nachbarvereinen zu g\u00fcnstigen Konditionen Mitglied werden.<br>Teilhabe an Spartenevents und Veranstaltungen sind auch als Passiv-Mitglied m\u00f6glich.<\/p>\n\n\n\n<p><strong>Trainer<\/strong><\/p>\n\n\n\n<p>Es stehen uns aktuell zwei Tennis-Trainer zur Verf\u00fcgung, die sowohl Einzel- als auch Gruppentrainings auf unseren Pl\u00e4tzen anbietet. Ein alter Hase mit viel Erfahrung und Routine und ein &#8222;junger Wilder&#8220; mit jeder Menge Spielpraxis, Energie und Ehrgeiz.<br>Sprecht uns an, um den Konzakt f\u00fcr eine Terminabsprache zu vereinbaren.<\/p>\n\n\n\n<p>Alternativ besteht auch die M\u00f6glichkeit mit einem erfahrenen Spieler oder einer erfahreren Spielerin die eigene Technik zu verbessern.<\/p>\n\n\n\n<p><strong>Ballmaschine<\/strong><\/p>\n\n\n\n<p>Zur Sommersaison 2025 hat die Sparte eine Ballmaschine Spinshot Pro angeschaft, die von den Spartenmitgliedern zu einem kleinen Unkostenbeitrag f\u00fcr die B\u00e4lle, genutzt werden kann.<\/p>\n\n\n\n<p><strong>OpenFriday<\/strong><\/p>\n\n\n\n<p>Jeden letzten Freitag im Monat ist bei uns OpenFriday.<br>Spartenmitglieder, aber auch G\u00e4ste und Neugierige sind an diesen Tagen herzlich eingeladen selber mal den Tennissport kostenlos auszuprobieren, oder einfach mal so vorbeizugucken. Wer spielen m\u00f6chte, muss lediglich Sportschuhe mit wenig Profil mitbringen.<br>Tennisschl\u00e4ger und B\u00e4lle, sowie eine Trainingseinheit durch erfahrene Spieler k\u00f6nnen von uns gestellt werden.<br>In der Regel bilden wir spontan Doppel- oder Einzelpaare, die dann zwischendurch auch getauscht werden. Bei Bedarf finden auch kleine Trainings-Sessions statt, um den Einstieg in &#8222;Vorhand&#8220; und &#8222;R\u00fcckhand&#8220; zu finden.<br>Wer in der Zeit einfach mal mit seinem Freund \/ seiner Freundin spielen m\u00f6chte, kann das je nach Platzverf\u00fcgbarkeit auch tun.<br>Auch eine Trainings-Session mit unserer Ballmaschine ist bei diesen Terminen denkbar.<\/p>\n\n\n\n<p>Je nach Wetterlage und organisatorischer Verf\u00fcgbarkeit, wird im Anschluss der Grill angefeuert und bereitgestellt. Jeder bringt sich bitte selber Getr\u00e4nke, Grillgut, Salate, Geschirr und Besteck mit.<\/p>\n\n\n\n<h3 class=\"wp-block-heading\">Mitgliederstruktur \/ Trainingstermine<\/h3>\n\n\n\n<p>Die Sparte hat aktuell ca. 40 Mitglieder, die sich auf alle Alterklassen verteilen. <br>Feste Spielgruppen sind eine <strong>Herren <\/strong>\u00dc40 Mannschaft (montags) und eine <strong>Damen <\/strong>Gruppe (dienstags) . Die Herren \u00dc40 Mannschaft nimmt am TNB-Sommer-Punktspielbetrieb teil.<br>Donnerstags ab 18:00 Uhr ist Spieltreff mit alle Spartenmitglieder.<\/p>\n\n\n\n<h3 class=\"wp-block-heading\">Anfahrt<\/h3>\n\n\n\n<p>Die Anlage ist gut per Auto oder Fahrrad erreichbar. Und auch der Bahnhof Weetzen ist nur wenige Gehminuten entfernt.<br>Die Tennispl\u00e4tze sind etwas versteckt hinter dem Fu\u00dfballplatz zu finden.<\/p>\n\n\n\n<p>Die Adesse lautet:<br>Br\u00f6hnstra\u00dfe 31<br>30952 Ronnenberg\/Weetzen<\/p>\n\n\n\n<p><\/p>\n\n\n\n<figure class=\"wp-block-image\"><img loading=\"lazy\" decoding=\"async\" width=\"798\" height=\"528\" src=\"https:\/\/svw001.4lima.de\/wp-content\/uploads\/2019\/12\/Tennispl\u00e4tze-Vogelperspektive.jpg\" alt=\"Sportplatz und Tennisanlage SV Weetzen\" class=\"wp-image-89\" srcset=\"https:\/\/svw-tennis.lima-city.de\/wp-content\/uploads\/2019\/12\/Tennispl\u00e4tze-Vogelperspektive.jpg 798w, https:\/\/svw-tennis.lima-city.de\/wp-content\/uploads\/2019\/12\/Tennispl\u00e4tze-Vogelperspektive-300x198.jpg 300w, https:\/\/svw-tennis.lima-city.de\/wp-content\/uploads\/2019\/12\/Tennispl\u00e4tze-Vogelperspektive-768x508.jpg 768w\" sizes=\"auto, (max-width: 798px) 100vw, 798px\" \/><\/figure>\n\n\n\n<p><br><\/p>\n\n\n\n<h3 class=\"wp-block-heading\" id=\"mitglied_werden\">Spartenbeitrag<\/h3>\n\n\n\n<p>Beim SV Weetzen ist der Mitgliedsbeitrag aufgeteilt in einem allgemeinen Vereinsgrundbeitrag und einem Spartenbeitrag.<\/p>\n\n\n\n<p>Der Vereinsgrundbeitrag ist aktuell (pro Monat):<\/p>\n\n\n\n<figure class=\"wp-block-table\"><table class=\"has-fixed-layout\"><tbody><tr><td>Familienbeitrag<\/td><td>21,- \u20ac<\/td><\/tr><tr><td>Erwachsen<\/td><td>8,- \u20ac<\/td><\/tr><tr><td>Kinder\/Jugendl.\/Erm\u00e4\u00dfigt<\/td><td>5,- \u20ac<\/td><\/tr><\/tbody><\/table><\/figure>\n\n\n\n<p>Der Spartenbeitrag ist aktuell (pro Monat):<\/p>\n\n\n\n<figure class=\"wp-block-table\"><table class=\"has-fixed-layout\"><tbody><tr><td>Familienbeitrag<\/td><td>25,- \u20ac<\/td><\/tr><tr><td>Erwachsen<\/td><td>13,- \u20ac<\/td><\/tr><tr><td>Jugendl. \/ Studenten<\/td><td>3,50 \u20ac<\/td><\/tr><tr><td>Kinder bis 16 \/ Erm\u00e4\u00dfigt<\/td><td>2,- \u20ac<\/td><\/tr><tr><td>Passiv \/ F\u00f6rdermitglied<\/td><td>3,- \u20ac<\/td><\/tr><\/tbody><\/table><\/figure>\n\n\n\n<p>Jedes Spartmitglied zwischen 16 und 65 Jahren ist verpflichtet 5 Arbeitsstunden abzuleisten. Das kann sowohl in gemeinschaftlichen Arbeitseins\u00e4tzen, als auch individuell in Absprache mit der Spartenleitung oder dem Platzwart erfolgen.<\/p>\n\n\n\n<p>Das <strong>Beitrittsformular <\/strong>kann <a href=\"https:\/\/sv-weetzen.de\/dokumente\/\" target=\"_blank\" rel=\"noreferrer noopener\">hier <\/a>abgerufen werden.<\/p>\n\n\n\n<p>Sprecht uns gerne an!<br>&#8211;&gt; <a href=\"https:\/\/svw-tennis.lima-city.de\/index.php\/kontakt\/\">Kontakt<\/a><\/p>\n","protected":false},"excerpt":{"rendered":"<p>Tennis ist eine Sportart, die man altersunabh\u00e4ngig betreiben kann und die hervorragend auch f\u00fcr Paare und ganze Familien geeignet ist. K\u00f6rper und Geist sind beim Spiel gefordert: Kondition, Konzentration, Ausdauer, Koordination, Teamplay, Fairness, Disziplin und Ehrgeiz sind gefragt. Dazu gibt es viel Kontakt und Austausch mit Gleichgesinnten. Der SV Weetzen hat seit 1986 eine Tennissparte &hellip; <a href=\"https:\/\/svw-tennis.lima-city.de\/index.php\/sparteninformation\/\" class=\"more-link\"><span class=\"screen-reader-text\">Sparteninformation<\/span> weiterlesen<\/a><\/p>\n","protected":false},"author":1,"featured_media":0,"parent":0,"menu_order":5,"comment_status":"closed","ping_status":"closed","template":"","meta":{"footnotes":""},"class_list":["post-50","page","type-page","status-publish","hentry"],"_links":{"self":[{"href":"https:\/\/svw-tennis.lima-city.de\/index.php\/wp-json\/wp\/v2\/pages\/50","targetHints":{"allow":["GET"]}}],"collection":[{"href":"https:\/\/svw-tennis.lima-city.de\/index.php\/wp-json\/wp\/v2\/pages"}],"about":[{"href":"https:\/\/svw-tennis.lima-city.de\/index.php\/wp-json\/wp\/v2\/types\/page"}],"author":[{"embeddable":true,"href":"https:\/\/svw-tennis.lima-city.de\/index.php\/wp-json\/wp\/v2\/users\/1"}],"replies":[{"embeddable":true,"href":"https:\/\/svw-tennis.lima-city.de\/index.php\/wp-json\/wp\/v2\/comments?post=50"}],"version-history":[{"count":38,"href":"https:\/\/svw-tennis.lima-city.de\/index.php\/wp-json\/wp\/v2\/pages\/50\/revisions"}],"predecessor-version":[{"id":1233,"href":"https:\/\/svw-tennis.lima-city.de\/index.php\/wp-json\/wp\/v2\/pages\/50\/revisions\/1233"}],"wp:attachment":[{"href":"https:\/\/svw-tennis.lima-city.de\/index.php\/wp-json\/wp\/v2\/media?parent=50"}],"curies":[{"name":"wp","href":"https:\/\/api.w.org\/{rel}","templated":true}]}}